{"id":1056,"date":"2021-10-13T16:38:48","date_gmt":"2021-10-13T16:38:48","guid":{"rendered":"https:\/\/nautik.ndo.pe\/?page_id=1056"},"modified":"2021-10-24T13:29:40","modified_gmt":"2021-10-24T13:29:40","slug":"politica-de-privacidad","status":"publish","type":"page","link":"https:\/\/nautikhotel.pe\/index.php\/politica-de-privacidad\/","title":{"rendered":"Pol\u00edtica de privacidad"},"content":{"rendered":"\n<h2 class=\"wp-block-heading\">Quienes somos<\/h2>\n\n\n\n<p>La presente p\u00e1gina web es propiedad de ZONA N\u00c1UTICA INVERSIONES S.A.C. con RUC 20601546176, domiciliada en la Av. Malec\u00f3n de la Marina N\u00b0 934 Dpto. 801. Miraflores, Lima, Per\u00fa. En adelante \u201cNauti-K Beach Hotel\u201d<\/p>\n\n\n\n<p>Nauti-K Beach Hotel requiere realizar el tratamiento de los datos personales y\/o sensibles que proporcionan los clientes o visitantes de este sitio web, con las finalidad de ejecutar las acciones comerciales solicitadas por sus clientes, as\u00ed como tambi\u00e9n acciones de publicidad, prospecci\u00f3n comercial y fidelizaci\u00f3n de clientes. <\/p>\n\n\n\n<p>Nauti-K Beach Hotel declara que cuenta con los niveles de seguridad apropiados para el resguardo de la informaci\u00f3n conforme a las disposiciones de las leyes peruanas. Asimismo, Nauti-K Beach Hotel se obliga a guardar estricta confidencialidad acerca de los datos personales del titular de los datos almacenados, salvo las excepciones previstas en las normas aplicables. <\/p>\n\n\n\n<h2 class=\"wp-block-heading\">Uso de tus datos<\/h2>\n\n\n\n<p>Los datos personales proporcionados se conservar\u00e1n durante un per\u00edodo de x a\u00f1os. Algunos de los servicios antes indicados son prestados por proveedores de servicios ubicados fuera del pa\u00eds, siendo que dicho tratamiento de datos personales se efect\u00faa conforme a la normativa sobre protecci\u00f3n de datos personales. Nauti-K Beach Hotel no revelar\u00e1 tus datos personales a ning\u00fan otro tercero con excepci\u00f3n a los antes indicados. Los datos suministrados por ti son esenciales para las finalidades antes indicadas. Podr\u00e1s revocar tu consentimiento o ejercer los derechos de acceso, rectificaci\u00f3n, oposici\u00f3n o cancelaci\u00f3n remitiendo una comunicaci\u00f3n a la siguiente direcci\u00f3n: reservas@nautikhotel.pe<\/p>\n\n\n\n<h2 class=\"wp-block-heading\">En caso de no estar de acuerdo <\/h2>\n\n\n\n<p>Si no est\u00e1s de acuerdo con los t\u00e9rminos de nuestra Pol\u00edtica de Privacidad no nos proporciones informaci\u00f3n personal y abandona este sitio Web. El hecho de navergar y\/o hacer uso de p\u00e1gina web indica tu consentimiento previo, libre, expreso, inequ\u00edvoco e informado de todas las pol\u00edticas y t\u00e9rminos y condiciones publicados en ella.<\/p>\n\n\n\n<h2 class=\"wp-block-heading\">Cookies<\/h2>\n\n\n\n<p>Si dejas un comentario o haces unas reserva en nuestro sitio web puedes elegir guardar tu nombre, direcci\u00f3n de correo electr\u00f3nico y web en cookies. Esto es para tu comodidad, para que no tengas que volver a rellenar tus datos cuando vuelvas a usar la web. Estas cookies tendr\u00e1n una duraci\u00f3n de un a\u00f1o.<\/p>\n\n\n\n<p>Si tienes una cuenta y te conectas a este sitio, instalaremos una cookie temporal para determinar si tu navegador acepta cookies. Esta cookie no contiene datos personales y se elimina al cerrar el navegador.<\/p>\n\n\n\n<p>Cuando accedas, tambi\u00e9n instalaremos varias cookies para guardar tu informaci\u00f3n de acceso y tus opciones de visualizaci\u00f3n de pantalla. Las cookies de acceso duran dos d\u00edas, y las cookies de opciones de pantalla duran un a\u00f1o. Si seleccionas \u00abRecu\u00e9rdarme\u00bb, tu acceso perdurar\u00e1 durante dos semanas. Si sales de tu cuenta, las cookies de acceso se eliminar\u00e1n.<\/p>\n\n\n\n<p><\/p>\n\n\n\n<h2 class=\"wp-block-heading\">Contenido incrustado de otros sitios web<\/h2>\n\n\n\n<p>Los art\u00edculos de noticias de este sitio web pueden incluir contenido incrustado (por ejemplo, v\u00eddeos, im\u00e1genes, art\u00edculos, etc.). El contenido incrustado de otras webs se comporta exactamente de la misma manera que si el visitante hubiera visitado la otra web.<\/p>\n\n\n\n<p>Estas web pueden recopilar datos sobre ti, utilizar cookies, incrustar un seguimiento adicional de terceros, y supervisar tu interacci\u00f3n con ese contenido incrustado, incluido el seguimiento de tu interacci\u00f3n con el contenido incrustado si tienes una cuenta y est\u00e1s conectado a esa web.<\/p>\n\n\n\n<h2 class=\"wp-block-heading\">Qu\u00e9 derechos tienes sobre tus datos<\/h2>\n\n\n\n<p>ACCESO: Acci\u00f3n destinada a obtener de Nauti-K Beach Hotel. informaci\u00f3n sobre uno mismo almacenada en el banco de datos, as\u00ed como aquella referida a las condiciones y generalidades del tratamiento de dicha informaci\u00f3n.<\/p>\n\n\n\n<p>RECTIFICACI\u00d3N: Acci\u00f3n destinada a: (i) actualizar tus datos; (ii) corregir aquella informaci\u00f3n que resulte ser inexacta, err\u00f3nea o falsa; y\/o (iii) incluir informaci\u00f3n en el banco de datos. En todos los casos deber\u00e1s adjuntar la informaci\u00f3n que sustente la procedencia de la rectificaci\u00f3n.<\/p>\n\n\n\n<p>CANCELACI\u00d3N: Acci\u00f3n de supresi\u00f3n de informaci\u00f3n personal almacenada en un banco de datos en raz\u00f3n a que esta ya no es necesaria o pertinente para la finalidad para la cual fue recopilada, cuando hubiere vencido el plazo para su tratamiento o cuando hayas revocado el consentimiento otorgado.<\/p>\n\n\n\n<p>OPOSICI\u00d3N: Acci\u00f3n de impedir el tratamiento de datos personales o cese del mismo, cuando el titular no hubiere prestado su consentimiento o cuando acredite que medien motivos fundados y leg\u00edtimos relativos a una concreta situaci\u00f3n personal que lo justifiquen.<\/p>\n\n\n\n<p>Te recordamos que para hacer uso de alguno de estos derechos debes enviarnos una comunicaci\u00f3n a la siguiente direcci\u00f3n: reservas@nautikhotel.pe acreditando con un documento de identidad la titularidad de los datos.<\/p>\n\n\n\n<p><\/p>\n","protected":false},"excerpt":{"rendered":"<p>Quienes somos La presente p\u00e1gina web es propiedad de ZONA N\u00c1UTICA INVERSIONES S.A.C. con RUC 20601546176, domiciliada en la Av. Malec\u00f3n de la Marina N\u00b0 934 Dpto. 801. Miraflores, Lima, Per\u00fa. En adelante \u201cNauti-K Beach Hotel\u201d Nauti-K Beach Hotel requiere realizar el tratamiento de los datos personales y\/o sensibles que proporcionan los clientes o visitantes [&hellip;]<\/p>\n","protected":false},"author":1,"featured_media":0,"parent":0,"menu_order":0,"comment_status":"closed","ping_status":"closed","template":"","meta":{"footnotes":""},"class_list":["post-1056","page","type-page","status-publish","hentry"],"_links":{"self":[{"href":"https:\/\/nautikhotel.pe\/index.php\/wp-json\/wp\/v2\/pages\/1056","targetHints":{"allow":["GET"]}}],"collection":[{"href":"https:\/\/nautikhotel.pe\/index.php\/wp-json\/wp\/v2\/pages"}],"about":[{"href":"https:\/\/nautikhotel.pe\/index.php\/wp-json\/wp\/v2\/types\/page"}],"author":[{"embeddable":true,"href":"https:\/\/nautikhotel.pe\/index.php\/wp-json\/wp\/v2\/users\/1"}],"replies":[{"embeddable":true,"href":"https:\/\/nautikhotel.pe\/index.php\/wp-json\/wp\/v2\/comments?post=1056"}],"version-history":[{"count":0,"href":"https:\/\/nautikhotel.pe\/index.php\/wp-json\/wp\/v2\/pages\/1056\/revisions"}],"wp:attachment":[{"href":"https:\/\/nautikhotel.pe\/index.php\/wp-json\/wp\/v2\/media?parent=1056"}],"curies":[{"name":"wp","href":"https:\/\/api.w.org\/{rel}","templated":true}]}}