{"id":1072,"date":"2021-10-24T14:01:13","date_gmt":"2021-10-24T14:01:13","guid":{"rendered":"https:\/\/nautik.ndo.pe\/?page_id=1072"},"modified":"2021-10-25T12:54:18","modified_gmt":"2021-10-25T12:54:18","slug":"libro-de-reclamaciones","status":"publish","type":"page","link":"https:\/\/nautikhotel.pe\/index.php\/libro-de-reclamaciones\/","title":{"rendered":"Libro de Reclamaciones"},"content":{"rendered":"\t\t<div data-elementor-type=\"wp-page\" data-elementor-id=\"1072\" class=\"elementor elementor-1072\">\n\t\t\t\t\t\t<section class=\"elementor-section elementor-top-section elementor-element elementor-element-1f648340 elementor-section-boxed elementor-section-height-default elementor-section-height-default\" data-id=\"1f648340\" data-element_type=\"section\">\n\t\t\t\t\t\t<div class=\"elementor-container elementor-column-gap-default\">\n\t\t\t\t\t<div class=\"elementor-column elementor-col-100 elementor-top-column elementor-element elementor-element-295f3d84\" data-id=\"295f3d84\" data-element_type=\"column\">\n\t\t\t<div class=\"elementor-widget-wrap elementor-element-populated\">\n\t\t\t\t\t\t<div class=\"elementor-element elementor-element-128c1bd3 elementor-widget elementor-widget-text-editor\" data-id=\"128c1bd3\" data-element_type=\"widget\" data-widget_type=\"text-editor.default\">\n\t\t\t\t<div class=\"elementor-widget-container\">\n\t\t\t\t\t\t\t\t\t<p>Conforme a lo establecido en el C\u00f3digo de Protecci\u00f3n y Defensa del Consumidor, Zona Nautica Inversiones S.A.C. pone a su disposici\u00f3n un Libro de Reclamaciones.<br \/>Si ha tenido alg\u00fan inconveniente con alguno de nuestros servicios, productos o con la atenci\u00f3n recibida, por favor recuerde que puede contactarse directamente con nosotros, nos complacer\u00e1 poder ayudarle:<\/p><ul><li>Central telef\u00f3nica: +51\u00a0 936 097 752\u00a0<\/li><li>Correo electr\u00f3nico: gerencia@nautikhotel.pe<\/li><\/ul><p>Tenga en cuenta que al usar el libro de reclamaciones, la resoluci\u00f3n del inconveniente podr\u00eda demorar hasta 30 d\u00edas, como lo establece el reglamento de la ley N\u00ba29571.<\/p><p style=\"text-align: center;\"><strong><span style=\"text-decoration: underline;\">IMPORTANTE<\/span><\/strong><\/p><p>En caso que el consumidor no consigne de manera adecuada la totalidad de la informaci\u00f3n requerida, se considerar\u00e1 el reclamo o queja como no puesto.<\/p><p>Se requiere una direcci\u00f3n de correo electr\u00f3nico v\u00e1lida para enviarle una copia de su reclamo.<\/p>\t\t\t\t\t\t\t\t<\/div>\n\t\t\t\t<\/div>\n\t\t\t\t\t<\/div>\n\t\t<\/div>\n\t\t\t\t\t<\/div>\n\t\t<\/section>\n\t\t\t\t<section class=\"elementor-section elementor-top-section elementor-element elementor-element-87af62a elementor-section-boxed elementor-section-height-default elementor-section-height-default\" data-id=\"87af62a\" data-element_type=\"section\">\n\t\t\t\t\t\t<div class=\"elementor-container elementor-column-gap-default\">\n\t\t\t\t\t<div class=\"elementor-column elementor-col-100 elementor-top-column elementor-element elementor-element-b063d6f\" data-id=\"b063d6f\" data-element_type=\"column\">\n\t\t\t<div class=\"elementor-widget-wrap elementor-element-populated\">\n\t\t\t\t\t\t<div class=\"elementor-element elementor-element-8833ab6 elementor-widget elementor-widget-form\" data-id=\"8833ab6\" data-element_type=\"widget\" data-widget_type=\"form.default\">\n\t\t\t\t<div class=\"elementor-widget-container\">\n\t\t\t\t\t \t\t\t\t<\/div>\n\t\t\t\t<\/div>\n\t\t\t\t\t<\/div>\n\t\t<\/div>\n\t\t\t\t\t<\/div>\n\t\t<\/section>\n\t\t\t\t<\/div>\n\t\t","protected":false},"excerpt":{"rendered":"<p>Conforme a lo establecido en el C\u00f3digo de Protecci\u00f3n y Defensa del Consumidor, Zona Nautica Inversiones S.A.C. pone a su disposici\u00f3n un Libro de Reclamaciones.Si ha tenido alg\u00fan inconveniente con alguno de nuestros servicios, productos o con la atenci\u00f3n recibida, por favor recuerde que puede contactarse directamente con nosotros, nos complacer\u00e1 poder ayudarle: Central telef\u00f3nica: [&hellip;]<\/p>\n","protected":false},"author":2,"featured_media":0,"parent":0,"menu_order":0,"comment_status":"closed","ping_status":"closed","template":"","meta":{"footnotes":""},"class_list":["post-1072","page","type-page","status-publish","hentry"],"_links":{"self":[{"href":"https:\/\/nautikhotel.pe\/index.php\/wp-json\/wp\/v2\/pages\/1072","targetHints":{"allow":["GET"]}}],"collection":[{"href":"https:\/\/nautikhotel.pe\/index.php\/wp-json\/wp\/v2\/pages"}],"about":[{"href":"https:\/\/nautikhotel.pe\/index.php\/wp-json\/wp\/v2\/types\/page"}],"author":[{"embeddable":true,"href":"https:\/\/nautikhotel.pe\/index.php\/wp-json\/wp\/v2\/users\/2"}],"replies":[{"embeddable":true,"href":"https:\/\/nautikhotel.pe\/index.php\/wp-json\/wp\/v2\/comments?post=1072"}],"version-history":[{"count":0,"href":"https:\/\/nautikhotel.pe\/index.php\/wp-json\/wp\/v2\/pages\/1072\/revisions"}],"wp:attachment":[{"href":"https:\/\/nautikhotel.pe\/index.php\/wp-json\/wp\/v2\/media?parent=1072"}],"curies":[{"name":"wp","href":"https:\/\/api.w.org\/{rel}","templated":true}]}}