{"id":1094,"date":"2021-10-24T16:18:25","date_gmt":"2021-10-24T16:18:25","guid":{"rendered":"https:\/\/nautik.ndo.pe\/?page_id=1094"},"modified":"2021-10-25T12:25:21","modified_gmt":"2021-10-25T12:25:21","slug":"preguntas-frecuentes","status":"publish","type":"page","link":"https:\/\/nautikhotel.pe\/index.php\/preguntas-frecuentes\/","title":{"rendered":"Preguntas frecuentes"},"content":{"rendered":"\n<h2 class=\"wp-block-heading\">ACTIVIDADES Y TRASLADOS<\/h2>\n\n\n\n<h4 class=\"wp-block-heading\">\u00bfOFRECEMOS TOURS O EXCURSIONES?<\/h4>\n\n\n\n<p>No ofrecemos tours o excursiones pero s\u00ed te podemos referir a los mejores tour operadores. Puedes escribirnos a <a href=\"https:\/\/nautikhotel.pe\/index.php\/contacto\/\">reservas@nautikhotel.pe<\/a><\/p>\n\n\n\n<h4 class=\"wp-block-heading\">\u00bfPUEDEN RESERVAR BOLETOS DE AVI\u00d3N?<\/h4>\n\n\n\n<p>No podemos ayudarte con las reservas a\u00e9reas. Te recomendamos que te contactes directamente con la l\u00ednea a\u00e9rea de tu preferencia para informarse sobre frecuencias y tarifas.<\/p>\n\n\n\n<h4 class=\"wp-block-heading\">\u00bfC\u00d3MO PUEDO SABER SI EL HOTEL OFRECE SERVICIO DE TRASLADOS Y C\u00d3MO HE DE CONTRATARLO?<\/h4>\n\n\n\n<p>Podemos ayudarte con el trasalado desde el aeropuerto, escr\u00edbenos a reservas@nautikhotel.pe<\/p>\n\n\n\n<h2 class=\"wp-block-heading\">INFRAESTRUCTURA Y FACILIDADES<\/h2>\n\n\n\n<h4 class=\"wp-block-heading\">\u00bfOFRECEMOS ESTACIONAMIENTO PRIVADO?<\/h4>\n\n\n\n<p>S\u00ed contamos con lugares de estacionamiento y tambi\u00e9n con estacioamientos accesibles en silla de ruedas.<\/p>\n\n\n\n<h4 class=\"wp-block-heading\">\u00bfLAS HABITACIONES CUENTAN CON BA\u00d1O PRIVADO?<\/h4>\n\n\n\n<p>Todas nuestras habitaciones y bungalows cuentan con ba\u00f1o privado.<\/p>\n","protected":false},"excerpt":{"rendered":"<p>ACTIVIDADES Y TRASLADOS \u00bfOFRECEMOS TOURS O EXCURSIONES? No ofrecemos tours o excursiones pero s\u00ed te podemos referir a los mejores tour operadores. Puedes escribirnos a reservas@nautikhotel.pe \u00bfPUEDEN RESERVAR BOLETOS DE AVI\u00d3N? No podemos ayudarte con las reservas a\u00e9reas. Te recomendamos que te contactes directamente con la l\u00ednea a\u00e9rea de tu preferencia para informarse sobre frecuencias [&hellip;]<\/p>\n","protected":false},"author":2,"featured_media":0,"parent":0,"menu_order":0,"comment_status":"closed","ping_status":"closed","template":"page-with-sidebar.php","meta":{"footnotes":""},"class_list":["post-1094","page","type-page","status-publish","hentry"],"_links":{"self":[{"href":"https:\/\/nautikhotel.pe\/index.php\/wp-json\/wp\/v2\/pages\/1094","targetHints":{"allow":["GET"]}}],"collection":[{"href":"https:\/\/nautikhotel.pe\/index.php\/wp-json\/wp\/v2\/pages"}],"about":[{"href":"https:\/\/nautikhotel.pe\/index.php\/wp-json\/wp\/v2\/types\/page"}],"author":[{"embeddable":true,"href":"https:\/\/nautikhotel.pe\/index.php\/wp-json\/wp\/v2\/users\/2"}],"replies":[{"embeddable":true,"href":"https:\/\/nautikhotel.pe\/index.php\/wp-json\/wp\/v2\/comments?post=1094"}],"version-history":[{"count":0,"href":"https:\/\/nautikhotel.pe\/index.php\/wp-json\/wp\/v2\/pages\/1094\/revisions"}],"wp:attachment":[{"href":"https:\/\/nautikhotel.pe\/index.php\/wp-json\/wp\/v2\/media?parent=1094"}],"curies":[{"name":"wp","href":"https:\/\/api.w.org\/{rel}","templated":true}]}}